{"id":54,"date":"2015-12-19T16:45:42","date_gmt":"2015-12-19T15:45:42","guid":{"rendered":"http:\/\/www.giselawidmer.ch\/wordpress\/?page_id=54"},"modified":"2021-11-21T16:50:19","modified_gmt":"2021-11-21T15:50:19","slug":"schreibkurse","status":"publish","type":"page","link":"http:\/\/www.giselawidmer.ch\/index.php\/schreibkurse\/","title":{"rendered":"Schreibkurse"},"content":{"rendered":"<h3><\/h3>\n<h3><\/h3>\n<h3 style=\"text-align: center;\"><span style=\"color: #b0c9af;\"><span class=\"xr_tl xr_s2\">Ihr Wissen, wie man leichtf\u00fcssig und dennoch tiefgr\u00fcndig schreibt, gibt <\/span> <span class=\"xr_tl xr_s2\">Gisela Widmer anl\u00e4sslich von <\/span><a style=\"color: #b0c9af;\" href=\"http:\/\/www.maz.ch\/kommunikation-kurse\/kurs\/schreiben-schoen-und-gut\/bereich\/39\/thema\/kommunikation\/ansicht\/show\/kurse\/\" target=\"_blank\" rel=\"noopener noreferrer\">Schreibkursen <\/a>weiter.<\/span><\/h3>\n<h4 style=\"text-align: center;\"><span class=\"xr_tl xr_s2\">Gisela Widmer ist Dozentin<\/span><span class=\"xr_tl xr_s2\"> an der Schweizer Journalistenschule <\/span> <span class=\"xr_tl xr_s2\">MAZ in Luzern und leitet die Kurse <span style=\"color: #b0c9af;\"><em>WIRKEN \u2013 MIT WORTEN!<\/em><\/span><\/span><span class=\"xr_tl xr_s3\"><span class=\"xr_s2\"> sowie <a href=\"https:\/\/www.maz.ch\/kurs\/satire-kolumne-glosse-grundlagen\"><span style=\"color: #b0c9af;\"><em>Satire, Kolumne, Glosse &#8211; Grundlagen<\/em><\/span><\/a><\/span><\/span><em>.<span class=\"xr_tl xr_s2\"><br \/>\n<\/span><\/em><\/h4>\n<h3 style=\"text-align: center;\"><span class=\"xr_tl xr_s2\">N\u00e4chste Kurse von Gisela Widmer<\/span><\/h3>\n<p style=\"text-align: center;\"><a class=\"button-main button-medium inverted\" href=\"https:\/\/www.maz.ch\/kurs\/satire-kolumne-glosse-grundlagen\" target=\"_blank\"><i class=\"font-icon-graduation\"><\/i>SATIRE, KOLUMNE, GLOSSE - GRUNDLAGEN 2.5.22 - 3.5.22 \/ 1.12.22 - 2.12.22<\/a>\n<h3 style=\"text-align: center;\"><span class=\"xr_tl xr_s15\"><span class=\"xr_s16\"><span style=\"color: #ffffff;\">Schreibkurse<\/span>Reaktionen von Kursteilnehmenden<span style=\"color: #ffffff;\">Schreibkurse<\/span><\/span><\/span><\/h3>\n<h4><div class=\"az-testimonials\">\n\t\t\t\t\t<div class=\"az-testimonials-container\">\n\t\t\t\t\t\t<div class=\"testimonial\">\n\t\t\t\t\t\t\t<ul class=\"slides\"><li>\n\t\t\t\t\t\t\t\t\t<p class=\"az-testimonial-quote\">Diese Frau ist total verliebt \u2013 in die Sprache. Und sie hat die F\u00e4higkeit, ihre Liebe weiterzugeben.<\/p>\n\t\t\t\t\t\t\t\t\t<span class=\"az-testimonial-source\">P.I., Aarau <\/span>\n\t\t\t\t\t\t\t   <\/li><\/ul>\n\t\t\t\t\t\t<\/div>\n\t\t\t\t\t<\/div>\n\t\t\t\t\t<\/div><\/h4>\n<h4><div class=\"az-testimonials\">\n\t\t\t\t\t<div class=\"az-testimonials-container\">\n\t\t\t\t\t\t<div class=\"testimonial\">\n\t\t\t\t\t\t\t<ul class=\"slides\"><li>\n\t\t\t\t\t\t\t\t\t<p class=\"az-testimonial-quote\">Mein Leben ist um eine sch\u00f6ne Erfahrung reicher. Aufmerksam, ruhig und geduldig liess ich mich von Gisela Widmer f\u00fchren. Dann: Etwas wachte auf. Besser: Ich liess es aufbrechen. Welch ein Erlebnis!<\/p>\n\t\t\t\t\t\t\t\t\t<span class=\"az-testimonial-source\">C.H., Bern<\/span>\n\t\t\t\t\t\t\t   <\/li><\/ul>\n\t\t\t\t\t\t<\/div>\n\t\t\t\t\t<\/div>\n\t\t\t\t\t<\/div><\/h4>\n<h4><div class=\"az-testimonials\">\n\t\t\t\t\t<div class=\"az-testimonials-container\">\n\t\t\t\t\t\t<div class=\"testimonial\">\n\t\t\t\t\t\t\t<ul class=\"slides\"><li>\n\t\t\t\t\t\t\t\t\t<p class=\"az-testimonial-quote\">Dieser Kurs war genial!<\/p>\n\t\t\t\t\t\t\t\t\t<span class=\"az-testimonial-source\">R.W., Z\u00fcrich <\/span>\n\t\t\t\t\t\t\t   <\/li><\/ul>\n\t\t\t\t\t\t<\/div>\n\t\t\t\t\t<\/div>\n\t\t\t\t\t<\/div><\/h4>\n<h4><div class=\"az-testimonials\">\n\t\t\t\t\t<div class=\"az-testimonials-container\">\n\t\t\t\t\t\t<div class=\"testimonial\">\n\t\t\t\t\t\t\t<ul class=\"slides\"><li>\n\t\t\t\t\t\t\t\t\t<p class=\"az-testimonial-quote\">Eine sehr inspirierende Kursleiterin, die Lust zum Schreiben macht.<\/p>\n\t\t\t\t\t\t\t\t\t<span class=\"az-testimonial-source\">M.P., Z\u00fcrich<\/span>\n\t\t\t\t\t\t\t   <\/li><\/ul>\n\t\t\t\t\t\t<\/div>\n\t\t\t\t\t<\/div>\n\t\t\t\t\t<\/div><\/h4>\n<h4 class=\"xr_s12\"><div class=\"az-testimonials\">\n\t\t\t\t\t<div class=\"az-testimonials-container\">\n\t\t\t\t\t\t<div class=\"testimonial\">\n\t\t\t\t\t\t\t<ul class=\"slides\"><li>\n\t\t\t\t\t\t\t\t\t<p class=\"az-testimonial-quote\">Gisela Widmer hat es verstanden, die Kreativit\u00e4t und Schreiblust jedes Teilnehmers zu wecken. Ihre Erfahrung und ihre Pers\u00f6nlichkeit sind ein Gewinn f\u00fcr alle.<\/p>\n\t\t\t\t\t\t\t\t\t<span class=\"az-testimonial-source\">S.H.,Basel<\/span>\n\t\t\t\t\t\t\t   <\/li><\/ul>\n\t\t\t\t\t\t<\/div>\n\t\t\t\t\t<\/div>\n\t\t\t\t\t<\/div><\/h4>\n<h4><div class=\"az-testimonials\">\n\t\t\t\t\t<div class=\"az-testimonials-container\">\n\t\t\t\t\t\t<div class=\"testimonial\">\n\t\t\t\t\t\t\t<ul class=\"slides\"><li>\n\t\t\t\t\t\t\t\t\t<p class=\"az-testimonial-quote\">Gisela Widmer ist eine begnadete Kolumnistin und Lehrerin.<\/p>\n\t\t\t\t\t\t\t\t\t<span class=\"az-testimonial-source\">M.L., St. Gallen<\/span>\n\t\t\t\t\t\t\t   <\/li><\/ul>\n\t\t\t\t\t\t<\/div>\n\t\t\t\t\t<\/div>\n\t\t\t\t\t<\/div><\/h4>\n<h4><div class=\"az-testimonials\">\n\t\t\t\t\t<div class=\"az-testimonials-container\">\n\t\t\t\t\t\t<div class=\"testimonial\">\n\t\t\t\t\t\t\t<ul class=\"slides\"><li>\n\t\t\t\t\t\t\t\t\t<p class=\"az-testimonial-quote\">Der Funke ihrer Begeisterung f\u00fcr das Schreiben springt aufs Publikum \u00fcber! Total ansteckend. Einfach top!<\/p>\n\t\t\t\t\t\t\t\t\t<span class=\"az-testimonial-source\">S.W., Zofingen <\/span>\n\t\t\t\t\t\t\t   <\/li><\/ul>\n\t\t\t\t\t\t<\/div>\n\t\t\t\t\t<\/div>\n\t\t\t\t\t<\/div><\/h4>\n<h4><div class=\"az-testimonials\">\n\t\t\t\t\t<div class=\"az-testimonials-container\">\n\t\t\t\t\t\t<div class=\"testimonial\">\n\t\t\t\t\t\t\t<ul class=\"slides\"><li>\n\t\t\t\t\t\t\t\t\t<p class=\"az-testimonial-quote\">Tolle Dozentin, die engagiert ist und ihr Wissen sehr kompetent weitergeben kann.<\/p>\n\t\t\t\t\t\t\t\t\t<span class=\"az-testimonial-source\">N.H., Wattwil<\/span>\n\t\t\t\t\t\t\t   <\/li><\/ul>\n\t\t\t\t\t\t<\/div>\n\t\t\t\t\t<\/div>\n\t\t\t\t\t<\/div><div class=\"az-testimonials\">\n\t\t\t\t\t<div class=\"az-testimonials-container\">\n\t\t\t\t\t\t<div class=\"testimonial\">\n\t\t\t\t\t\t\t<ul class=\"slides\"><li>\n\t\t\t\t\t\t\t\t\t<p class=\"az-testimonial-quote\">Sehr motivierend. Lebendig. Sp\u00fcrbar aus reicher Erfahrung sch\u00f6pfend. Kreativ. Am\u00fcsant. Lebensnah.<\/p>\n\t\t\t\t\t\t\t\t\t<span class=\"az-testimonial-source\">G.R., Z\u00fcrich<\/span>\n\t\t\t\t\t\t\t   <\/li><\/ul>\n\t\t\t\t\t\t<\/div>\n\t\t\t\t\t<\/div>\n\t\t\t\t\t<\/div><\/h4>\n<h4><div class=\"az-testimonials\">\n\t\t\t\t\t<div class=\"az-testimonials-container\">\n\t\t\t\t\t\t<div class=\"testimonial\">\n\t\t\t\t\t\t\t<ul class=\"slides\"><li>\n\t\t\t\t\t\t\t\t\t<p class=\"az-testimonial-quote\">Gisela Widmer geht auf die verschiedenen Schreibtypen ein und zwingt niemanden, einen Schreibstil anzunehmen, der nicht passt.<\/p>\n\t\t\t\t\t\t\t\t\t<span class=\"az-testimonial-source\">P.C., Bern<\/span>\n\t\t\t\t\t\t\t   <\/li><\/ul>\n\t\t\t\t\t\t<\/div>\n\t\t\t\t\t<\/div>\n\t\t\t\t\t<\/div><\/h4>\n<h4><div class=\"az-testimonials\">\n\t\t\t\t\t<div class=\"az-testimonials-container\">\n\t\t\t\t\t\t<div class=\"testimonial\">\n\t\t\t\t\t\t\t<ul class=\"slides\"><li>\n\t\t\t\t\t\t\t\t\t<p class=\"az-testimonial-quote\">Super Mischung aus Kritik und Motivation. Der Kurs war die reine Freude.<\/p>\n\t\t\t\t\t\t\t\t\t<span class=\"az-testimonial-source\">O.G., W\u00e4denswil<\/span>\n\t\t\t\t\t\t\t   <\/li><\/ul>\n\t\t\t\t\t\t<\/div>\n\t\t\t\t\t<\/div>\n\t\t\t\t\t<\/div><\/h4>\n<h4 class=\"xr_s12\"><div class=\"az-testimonials\">\n\t\t\t\t\t<div class=\"az-testimonials-container\">\n\t\t\t\t\t\t<div class=\"testimonial\">\n\t\t\t\t\t\t\t<ul class=\"slides\"><li>\n\t\t\t\t\t\t\t\t\t<p class=\"az-testimonial-quote\">Endlich hat mir jemand Mut gemacht zu schreiben.<\/p>\n\t\t\t\t\t\t\t\t\t<span class=\"az-testimonial-source\">S.F., Olten<\/span>\n\t\t\t\t\t\t\t   <\/li><\/ul>\n\t\t\t\t\t\t<\/div>\n\t\t\t\t\t<\/div>\n\t\t\t\t\t<\/div><\/h4>\n<p style=\"text-align: center;\">\n<div class=\"xr_s12\" style=\"text-align: center;\"><\/div>\n<h1><span style=\"color: #ffffff;\">Schreibkurse<\/span><\/h1>\n<h2><span style=\"color: #ffffff;\">Schreibkurse<\/span><\/h2>\n<div class=\"xr_s12\"><\/div>\n","protected":false},"excerpt":{"rendered":"<p>Ihr Wissen, wie man leichtf\u00fcssig und dennoch tiefgr\u00fcndig schreibt, gibt Gisela Widmer anl\u00e4sslich von Schreibkursen weiter. Gisela Widmer ist Dozentin an der Schweizer Journalistenschule MAZ in Luzern und leitet die Kurse WIRKEN \u2013 MIT [&hellip;]<\/p>\n","protected":false},"author":1,"featured_media":0,"parent":0,"menu_order":0,"comment_status":"closed","ping_status":"closed","template":"","meta":[],"_links":{"self":[{"href":"http:\/\/www.giselawidmer.ch\/index.php\/wp-json\/wp\/v2\/pages\/54"}],"collection":[{"href":"http:\/\/www.giselawidmer.ch\/index.php\/wp-json\/wp\/v2\/pages"}],"about":[{"href":"http:\/\/www.giselawidmer.ch\/index.php\/wp-json\/wp\/v2\/types\/page"}],"author":[{"embeddable":true,"href":"http:\/\/www.giselawidmer.ch\/index.php\/wp-json\/wp\/v2\/users\/1"}],"replies":[{"embeddable":true,"href":"http:\/\/www.giselawidmer.ch\/index.php\/wp-json\/wp\/v2\/comments?post=54"}],"version-history":[{"count":65,"href":"http:\/\/www.giselawidmer.ch\/index.php\/wp-json\/wp\/v2\/pages\/54\/revisions"}],"predecessor-version":[{"id":275,"href":"http:\/\/www.giselawidmer.ch\/index.php\/wp-json\/wp\/v2\/pages\/54\/revisions\/275"}],"wp:attachment":[{"href":"http:\/\/www.giselawidmer.ch\/index.php\/wp-json\/wp\/v2\/media?parent=54"}],"curies":[{"name":"wp","href":"https:\/\/api.w.org\/{rel}","templated":true}]}}