{"id":75,"date":"2015-12-28T11:57:46","date_gmt":"2015-12-28T10:57:46","guid":{"rendered":"http:\/\/www.giselawidmer.ch\/?page_id=75"},"modified":"2016-01-05T15:08:58","modified_gmt":"2016-01-05T14:08:58","slug":"impressum","status":"publish","type":"page","link":"http:\/\/www.giselawidmer.ch\/index.php\/impressum\/","title":{"rendered":"Impressum"},"content":{"rendered":"<div class=\"entry-main\">\n<div class=\"entry-content\">\n<p>giselawidmer.ch<\/p>\n<p>Allgemein<br \/>\nDie Website giselawidmer.ch dient ausschliesslich der allgemeinen Information. Haftungsanspr\u00fcche gegen\u00fcber Sch\u00e4den materieller oder ideeller Art, die durch die Nutzung oder Nichtnutzung der bereitgestellten Informationen bzw. durch die Nutzung fehlerhafter und unvollst\u00e4ndiger Informationen verursacht wurden, sind grunds\u00e4tzlich ausgeschlossen. storchkopp und Gisela Widmer behalten sich das Recht vor, jederzeit ohne vorg\u00e4ngige Ank\u00fcndigung \u00c4nderungen an diesem Internet-Auftritt vorzunehmen.<\/p>\n<p>Urheberrechtshinweis<br \/>\nS\u00e4mtliche Rechte aus allen Informationen und Inhalten, einschliesslich aller Texte, Daten, Grafiken, Logos, Dokumente etc. auf der giselawidmer.ch-Webseite verbleiben bei Storchkopp und Gisela Widmer. Es ist den Benutzern unter anderem untersagt, irgendwelche Informationen, Texte, Grafiken, Bilder etc., die von der giselawidmer.ch-Webseite stammen, im Ganzen oder teilweise ohne schriftliche Genehmigung von Storchkopp oder Gisela Widmer zu ver\u00e4ndern, zu kopieren, zu senden, weiterzugeben, auszustellen, vorzuf\u00fchren, zu reproduzieren, zu ver\u00f6ffentlichen, zu lizenzieren, als Frame in einer Webseite zu verwenden, zu \u00fcbertragen und von den genannten Inhalten abgeleitete Werke zu erstellen oder sie auf andere Art f\u00fcr private, gewerbliche oder \u00f6ffentliche Zwecke zu nutzen.<\/p>\n<p>Haftungsausschluss f\u00fcr Links und Verweise<br \/>\nDiese Homepage enth\u00e4lt Links (Verweise) zu weiteren Websites. Storchkopp und Gisela Widmer haben keinerlei Einfluss auf deren Design oder Inhalt und \u00fcbernimmt deshalb auch keinerlei Verantwortung. Insbesondere wird jede Haftung f\u00fcr den Inhalt ausdr\u00fccklich abgelehnt, sei es, dass dieser rechtswidrig, unsittlich oder auch nur schon nicht altersgem\u00e4ss ist. Der Besucher einer solchen Website, auf die innerhalb des Webauftrittes von giselawidmer.ch gelinkt wird, tr\u00e4gt die Verantwortung f\u00fcr seinen Besuch vollumf\u00e4nglich selbst.<\/p>\n<p>koppstorch<br \/>\nGisela Widmer<br \/>\ninfo@giselawidmer.ch<br \/>\n<a href=\"https:\/\/de.wikipedia.org\/wiki\/Gisela_Widmer\" target=\"_blank\"><img loading=\"lazy\" class=\"alignnone  wp-image-95\" src=\"http:\/\/www.giselawidmer.ch\/wordpress\/wp-content\/uploads\/2015\/12\/gisela-widmer-schreibkurse-300x265.png\" alt=\"gisela-widmer-schreibkurse\" width=\"72\" height=\"64\" \/><\/a><\/p>\n<\/div>\n<\/div>\n","protected":false},"excerpt":{"rendered":"<p>giselawidmer.ch Allgemein Die Website giselawidmer.ch dient ausschliesslich der allgemeinen Information. Haftungsanspr\u00fcche gegen\u00fcber Sch\u00e4den materieller oder ideeller Art, die durch die Nutzung oder Nichtnutzung der bereitgestellten Informationen bzw. durch die Nutzung fehlerhafter und unvollst\u00e4ndiger Informationen [&hellip;]<\/p>\n","protected":false},"author":1,"featured_media":0,"parent":0,"menu_order":0,"comment_status":"closed","ping_status":"closed","template":"","meta":[],"_links":{"self":[{"href":"http:\/\/www.giselawidmer.ch\/index.php\/wp-json\/wp\/v2\/pages\/75"}],"collection":[{"href":"http:\/\/www.giselawidmer.ch\/index.php\/wp-json\/wp\/v2\/pages"}],"about":[{"href":"http:\/\/www.giselawidmer.ch\/index.php\/wp-json\/wp\/v2\/types\/page"}],"author":[{"embeddable":true,"href":"http:\/\/www.giselawidmer.ch\/index.php\/wp-json\/wp\/v2\/users\/1"}],"replies":[{"embeddable":true,"href":"http:\/\/www.giselawidmer.ch\/index.php\/wp-json\/wp\/v2\/comments?post=75"}],"version-history":[{"count":2,"href":"http:\/\/www.giselawidmer.ch\/index.php\/wp-json\/wp\/v2\/pages\/75\/revisions"}],"predecessor-version":[{"id":97,"href":"http:\/\/www.giselawidmer.ch\/index.php\/wp-json\/wp\/v2\/pages\/75\/revisions\/97"}],"wp:attachment":[{"href":"http:\/\/www.giselawidmer.ch\/index.php\/wp-json\/wp\/v2\/media?parent=75"}],"curies":[{"name":"wp","href":"https:\/\/api.w.org\/{rel}","templated":true}]}}