{"id":2,"date":"2015-12-19T14:39:05","date_gmt":"2015-12-19T13:39:05","guid":{"rendered":"http:\/\/www.giselawidmer.ch\/wordpress\/?page_id=2"},"modified":"2020-09-12T20:22:51","modified_gmt":"2020-09-12T18:22:51","slug":"beispiel-seite","status":"publish","type":"page","link":"https:\/\/www.giselawidmer.ch\/","title":{"rendered":"Home"},"content":{"rendered":"<h2 style=\"text-align: center;\"><\/h2>\n<p>&nbsp;<\/p>\n<h1 style=\"text-align: center;\"><span style=\"color: #2d3c48;\"><span class=\"xr_tl xr_s2\">Theaterautorin, Kolumnistin, Dozentin, Moderatorin<\/span><span class=\"xr_tl xr_s2\"><br \/>\n<\/span><\/span><\/h1>\n<h2 style=\"text-align: center;\"><\/h2>\n<p>&nbsp;<\/p>\n<p style=\"text-align: center;\"><a class=\"button-main button-large custom-button-color\" style=\"background-color: #727272; border-color: #727272;\" href=\"http:\/\/www.giselawidmer.ch\/index.php\/schreibkurse\/\">Wollen Sie an einem Schreibkurs am MAZ Ihren Stil und Ihre Texte verbessern?<\/a>\n<p style=\"text-align: center;\"><a class=\"button-main button-large inverted custom-button-color\" style=\"background-color: #727272; border-color: #727272; color: #727272;\" href=\"http:\/\/www.giselawidmer.ch\/index.php\/theater\/\">Suchen Sie ein Theaterst\u00fcck oder wollen Sie ein neues St\u00fcck in Auftrag geben?<\/a>\n<p style=\"text-align: center;\"><a class=\"button-main button-large inverted\" href=\"mailto:info@giselawidmer.ch\">Wollen Sie Gisela Widmer f\u00fcr einen Auftritt oder eine Moderation engagieren?<\/a>\n<p>&nbsp;<\/p>\n<h3 style=\"text-align: center;\"><\/h3>\n<h3 style=\"text-align: center;\"><span style=\"color: #ffffff;\">Schreibkurse<\/span>\u00dcber Gisela Widmer<span style=\"color: #ffffff;\">Schreibkurse<\/span><\/h3>\n<p style=\"text-align: left;\">Gisela Widmer lebt in Luzern und arbeitet als freischaffende Autorin f\u00fcr Profi- und Laienb\u00fchnen. Die Fachzeitschrift &#8222;Schweizer Journalist&#8220; ehrte Gisela Widmer mehrere Male als &#8222;Die beste Kolumnistin des Landes&#8220;: &#8222;Gescheit, politisch, witzig. Storytelling vom Feinsten.&#8220; Sie ist auch Dozentin an der Schweizer Journalistenschule MAZ und leitet die Kurse &#8222;Schreiben, sch\u00f6n und gut!&#8220; sowie &#8222;Satire, Kolumne, Glosse&#8220;.<\/p>\n<p style=\"font-weight: 400;\">Gisela Widmer (*1958) arbeitete bei diversen Medien (Print, Radio, sda) und war Hausautorin am damaligen Stadttheater Luzern. Dort wurde 1983 ihr erstes grosses Theaterst\u00fcck uraufgef\u00fchrt. Sp\u00e4ter war Gisela Widmer u.a. f\u00fcr Schweizer Radio SRF und \u201eDie Weltwoche\u201c w\u00e4hrend vier Jahren S\u00fcdasienkorrespondentin mit Sitz in Delhi und danach w\u00e4hrend elf Jahren \u201eDie Stimme aus London\u201c. Parallel dazu schrieb sie vielbeachtete Kolumnen (u.a. f\u00fcr \u201eDas Magazin\u201c), die in drei Sammelb\u00e4nden erschienen sind. Zudem erg\u00f6tzte und emp\u00f6rte sie die Radioh\u00f6rer und das Kleinkunstpublikum mit dem Satireformat \u201eZytlupe\u201c.<\/p>\n<p style=\"font-weight: 400;\">\n<p>&nbsp;<\/p>\n","protected":false},"excerpt":{"rendered":"<p>&nbsp; Theaterautorin, Kolumnistin, Dozentin, Moderatorin &nbsp; &nbsp; Schreibkurse\u00dcber Gisela WidmerSchreibkurse Gisela Widmer lebt in Luzern und arbeitet als freischaffende Autorin f\u00fcr Profi- und Laienb\u00fchnen. Die Fachzeitschrift &#8222;Schweizer Journalist&#8220; ehrte Gisela Widmer mehrere Male als [&hellip;]<\/p>\n","protected":false},"author":1,"featured_media":0,"parent":0,"menu_order":0,"comment_status":"closed","ping_status":"open","template":"","meta":[],"_links":{"self":[{"href":"https:\/\/www.giselawidmer.ch\/index.php\/wp-json\/wp\/v2\/pages\/2"}],"collection":[{"href":"https:\/\/www.giselawidmer.ch\/index.php\/wp-json\/wp\/v2\/pages"}],"about":[{"href":"https:\/\/www.giselawidmer.ch\/index.php\/wp-json\/wp\/v2\/types\/page"}],"author":[{"embeddable":true,"href":"https:\/\/www.giselawidmer.ch\/index.php\/wp-json\/wp\/v2\/users\/1"}],"replies":[{"embeddable":true,"href":"https:\/\/www.giselawidmer.ch\/index.php\/wp-json\/wp\/v2\/comments?post=2"}],"version-history":[{"count":21,"href":"https:\/\/www.giselawidmer.ch\/index.php\/wp-json\/wp\/v2\/pages\/2\/revisions"}],"predecessor-version":[{"id":257,"href":"https:\/\/www.giselawidmer.ch\/index.php\/wp-json\/wp\/v2\/pages\/2\/revisions\/257"}],"wp:attachment":[{"href":"https:\/\/www.giselawidmer.ch\/index.php\/wp-json\/wp\/v2\/media?parent=2"}],"curies":[{"name":"wp","href":"https:\/\/api.w.org\/{rel}","templated":true}]}}